{"id":17,"date":"2011-04-30T16:38:37","date_gmt":"2011-04-30T16:38:37","guid":{"rendered":"http:\/\/www.weinhaus-rebell.de\/?page_id=17"},"modified":"2020-07-19T12:45:06","modified_gmt":"2020-07-19T12:45:06","slug":"impressum","status":"publish","type":"page","link":"https:\/\/www.weinhaus-rebell.de\/?page_id=17","title":{"rendered":"Impressum"},"content":{"rendered":"<table border=\"0\" width=\"650\">\n<tbody>\n<tr>\n<td align=\"right\" valign=\"top\" width=\"200\"><strong>Anschrift <\/strong><\/td>\n<td align=\"left\" valign=\"top\" width=\"300\">Weinhaus Rebell<br \/>\nPaulstra\u00dfe 22<br \/>\n63150 Heusenstamm<\/td>\n<\/tr>\n<tr>\n<td align=\"right\" valign=\"top\" width=\"200\"><strong>Telefon<\/strong><\/td>\n<td align=\"left\" valign=\"top\" width=\"300\">(0 61 04) 921024<\/td>\n<\/tr>\n<tr>\n<td align=\"right\" valign=\"top\" width=\"200\"><strong>eMail<\/strong><\/td>\n<td align=\"left\" valign=\"top\" width=\"300\"><a href=\"mailto:info@weinhaus-rebell.de\">E-mail an Weinhaus Rebell senden<\/a><\/td>\n<\/tr>\n<tr>\n<td align=\"right\" valign=\"top\" width=\"200\"><strong>Internet<\/strong><\/td>\n<td align=\"left\" valign=\"top\" width=\"300\"><a class=\"link\" href=\"https:\/\/weinhaus-rebell.de\" target=\"_blank\" rel=\"noopener noreferrer\">https:\/\/www.weinhaus-rebell.de<\/a><\/td>\n<\/tr>\n<\/tbody>\n<\/table>\n<hr \/>\n<table border=\"0\" width=\"650\">\n<tbody>\n<tr>\n<td align=\"right\" valign=\"top\" width=\"200\"><strong>Inhaberin<\/strong><\/td>\n<td align=\"left\" valign=\"top\" width=\"300\">Christina Rebell<\/td>\n<\/tr>\n<tr>\n<td align=\"right\" valign=\"top\" width=\"200\"><strong>Steuernummer :<\/strong><\/td>\n<td align=\"left\" valign=\"top\" width=\"300\">Finanzamt Offenbach am Main II \/ 44 859 60135<\/td>\n<\/tr>\n<\/tbody>\n<\/table>\n<hr \/>\n<table border=\"0\" width=\"650\">\n<tbody>\n<tr>\n<td align=\"right\" valign=\"top\" width=\"200\"><strong>Haftungshinweis<\/strong><\/td>\n<td align=\"left\" valign=\"top\" width=\"300\">Trotz sorgf\u00e4ltiger inhaltlicher Kontrolle \u00fcbernehmen wir keine Haftung f\u00fcr die Inhalte externer Links. F\u00fcr den Inhalt der verlinkten Seiten sind ausschlie\u00dflich deren Betreiber verantwortlich.<\/td>\n<\/tr>\n<tr>\n<td align=\"right\" valign=\"top\" width=\"200\"><\/td>\n<td align=\"left\" valign=\"top\" width=\"300\">Wir \u00fcbernehmen keine Haftung f\u00fcr die Aktualit\u00e4t, die inhaltliche Richtigkeit sowie f\u00fcr die Vollst\u00e4ndigkeit der in diesem Webangebot eingestellten Informationen, es sei denn die Fehler wurden vors\u00e4tzlich oder grob fahrl\u00e4ssig aufgenommen. Dies bezieht sich auf eventuelle Sch\u00e4den Dritter materieller oder ideeller Art, die durch die Nutzung dieses Webangebotes verursacht wurden.<\/td>\n<\/tr>\n<\/tbody>\n<\/table>\n<hr \/>\n<table border=\"0\" width=\"650\">\n<tbody>\n<tr>\n<td align=\"right\" valign=\"top\" width=\"200\"><strong>Webmaster\/<br \/>\nWebdesign<\/strong><\/td>\n<td align=\"left\" valign=\"top\">Katrin Rebell<br \/>\nHohebergstra\u00dfe 10<br \/>\n63150 Heusenstamm<\/td>\n<\/tr>\n<tr>\n<td align=\"right\" valign=\"top\" width=\"200\"><strong>eMail<\/strong><\/td>\n<td align=\"left\" valign=\"top\" width=\"300\"><a class=\"link\" href=\"mailto:katrin.rebell@weinhaus-rebell.de\">E-mail an Katrin Rebell<\/a><\/td>\n<\/tr>\n<\/tbody>\n<\/table>\n","protected":false},"excerpt":{"rendered":"<p>Anschrift Weinhaus Rebell Paulstra\u00dfe 22 63150 Heusenstamm Telefon (0 61 04) 921024 eMail E-mail an Weinhaus Rebell senden Internet https:\/\/www.weinhaus-rebell.de Inhaberin Christina Rebell Steuernummer : Finanzamt Offenbach am Main II \/ 44 859 60135 Haftungshinweis Trotz sorgf\u00e4ltiger inhaltlicher Kontrolle \u00fcbernehmen &hellip; <a href=\"https:\/\/www.weinhaus-rebell.de\/?page_id=17\">Weiterlesen <span class=\"meta-nav\">&rarr;<\/span><\/a><\/p>\n","protected":false},"author":1,"featured_media":0,"parent":0,"menu_order":5,"comment_status":"closed","ping_status":"closed","template":"","meta":{"footnotes":""},"class_list":["post-17","page","type-page","status-publish","hentry"],"_links":{"self":[{"href":"https:\/\/www.weinhaus-rebell.de\/index.php?rest_route=\/wp\/v2\/pages\/17","targetHints":{"allow":["GET"]}}],"collection":[{"href":"https:\/\/www.weinhaus-rebell.de\/index.php?rest_route=\/wp\/v2\/pages"}],"about":[{"href":"https:\/\/www.weinhaus-rebell.de\/index.php?rest_route=\/wp\/v2\/types\/page"}],"author":[{"embeddable":true,"href":"https:\/\/www.weinhaus-rebell.de\/index.php?rest_route=\/wp\/v2\/users\/1"}],"replies":[{"embeddable":true,"href":"https:\/\/www.weinhaus-rebell.de\/index.php?rest_route=%2Fwp%2Fv2%2Fcomments&post=17"}],"version-history":[{"count":10,"href":"https:\/\/www.weinhaus-rebell.de\/index.php?rest_route=\/wp\/v2\/pages\/17\/revisions"}],"predecessor-version":[{"id":432,"href":"https:\/\/www.weinhaus-rebell.de\/index.php?rest_route=\/wp\/v2\/pages\/17\/revisions\/432"}],"wp:attachment":[{"href":"https:\/\/www.weinhaus-rebell.de\/index.php?rest_route=%2Fwp%2Fv2%2Fmedia&parent=17"}],"curies":[{"name":"wp","href":"https:\/\/api.w.org\/{rel}","templated":true}]}}