{"id":296,"date":"2018-03-12T12:41:15","date_gmt":"2018-03-12T12:41:15","guid":{"rendered":"http:\/\/www.weinhaus-rebell.de\/?page_id=296"},"modified":"2018-12-30T09:03:25","modified_gmt":"2018-12-30T09:03:25","slug":"weinproben","status":"publish","type":"page","link":"https:\/\/www.weinhaus-rebell.de\/?page_id=296","title":{"rendered":"Weinproben"},"content":{"rendered":"<p><span style=\"color: #000000; font-family: Calibri; font-size: medium;\">Probieren Sie unsere Weine in gem\u00fctlicher Atmosph\u00e4re. Die Auswahl der Weine erfolgt durch Sie, oder auf Wunsch auch durch uns. Die Anzahl und das gew\u00e4hlte Preissegment der Weine bestimmen den Preis der Weinprobe. Generell reichen wir Mineralwasser, sowie Brot- und K\u00e4sew\u00fcrfel oder Salzgeb\u00e4ck zur Geschmacksneutralisation.<\/span><\/p>\n<p><span style=\"color: #000000; font-family: Calibri; font-size: medium;\">In den Weinproben werden zus\u00e4tzlich interessante Informationen zu den Weinen (Rebsorte, Anbaugebiet, Charakteristik, Essenempfehlung, etc.) vermittelt.<\/span><\/p>\n<ul>\n<li><span style=\"color: #000000;\"><span style=\"font: 7pt 'Times New Roman'; margin: 0px; font-size-adjust: none; font-stretch: normal;\">\u00a0<\/span><span style=\"font-family: Calibri; font-size: medium;\">Termine f\u00fcr Weinproben werden nach Absprache festgelegt.<\/span><\/span><\/li>\n<li><span style=\"color: #000000;\"> <span style=\"font-family: Calibri; font-size: medium;\">Bis zu 15 Teilnehmern haben in unseren R\u00e4umlichkeiten Platz.<\/span><\/span><\/li>\n<li><span style=\"color: #000000;\"><span style=\"font-family: Calibri; font-size: medium;\">Auf Wunsch bieten wir kleine Mahlzeiten an. Die Berechnung erfolgt nach Aufwand.<\/span><\/span><\/li>\n<li><span style=\"color: #000000;\"><span style=\"font: 7pt 'Times New Roman'; margin: 0px; font-size-adjust: none; font-stretch: normal;\">\u00a0<\/span><span style=\"font-family: Calibri; font-size: medium;\">F\u00fcr gr\u00f6\u00dfere Gruppen k\u00f6nnen wir eine Weinprobe in Ihren R\u00e4umen durchf\u00fchren.<\/span><\/span><\/li>\n<\/ul>\n<p><span style=\"color: #000000; font-family: Calibri; font-size: medium;\">Gerne erstellen wir Ihnen Ihr individuelles Angebot. Sprechen Sie uns an.<\/span><\/p>\n<p><span style=\"color: #000000; font-family: Calibri; font-size: medium;\">Haben Ihnen unsere Weine gefallen, dann freuen wir uns \u00fcber eine Bestellung und werden dies mit einem individuellen Nachlass auf den Weinprobenpreis honorieren.<\/span><\/p>\n","protected":false},"excerpt":{"rendered":"<p>Probieren Sie unsere Weine in gem\u00fctlicher Atmosph\u00e4re. Die Auswahl der Weine erfolgt durch Sie, oder auf Wunsch auch durch uns. Die Anzahl und das gew\u00e4hlte Preissegment der Weine bestimmen den Preis der Weinprobe. Generell reichen wir Mineralwasser, sowie Brot- und &hellip; <a href=\"https:\/\/www.weinhaus-rebell.de\/?page_id=296\">Weiterlesen <span class=\"meta-nav\">&rarr;<\/span><\/a><\/p>\n","protected":false},"author":1,"featured_media":0,"parent":0,"menu_order":0,"comment_status":"closed","ping_status":"closed","template":"","meta":{"footnotes":""},"class_list":["post-296","page","type-page","status-publish","hentry"],"_links":{"self":[{"href":"https:\/\/www.weinhaus-rebell.de\/index.php?rest_route=\/wp\/v2\/pages\/296","targetHints":{"allow":["GET"]}}],"collection":[{"href":"https:\/\/www.weinhaus-rebell.de\/index.php?rest_route=\/wp\/v2\/pages"}],"about":[{"href":"https:\/\/www.weinhaus-rebell.de\/index.php?rest_route=\/wp\/v2\/types\/page"}],"author":[{"embeddable":true,"href":"https:\/\/www.weinhaus-rebell.de\/index.php?rest_route=\/wp\/v2\/users\/1"}],"replies":[{"embeddable":true,"href":"https:\/\/www.weinhaus-rebell.de\/index.php?rest_route=%2Fwp%2Fv2%2Fcomments&post=296"}],"version-history":[{"count":7,"href":"https:\/\/www.weinhaus-rebell.de\/index.php?rest_route=\/wp\/v2\/pages\/296\/revisions"}],"predecessor-version":[{"id":344,"href":"https:\/\/www.weinhaus-rebell.de\/index.php?rest_route=\/wp\/v2\/pages\/296\/revisions\/344"}],"wp:attachment":[{"href":"https:\/\/www.weinhaus-rebell.de\/index.php?rest_route=%2Fwp%2Fv2%2Fmedia&parent=296"}],"curies":[{"name":"wp","href":"https:\/\/api.w.org\/{rel}","templated":true}]}}